{"id":7689,"date":"2022-10-17T19:47:36","date_gmt":"2022-10-17T19:47:36","guid":{"rendered":"https:\/\/www.maksimtrade.com\/ekibimiz\/"},"modified":"2023-09-03T22:58:32","modified_gmt":"2023-09-03T22:58:32","slug":"our-team","status":"publish","type":"page","link":"https:\/\/www.maksimtrade.com\/en\/our-team\/","title":{"rendered":"Our Team"},"content":{"rendered":"\t\t<div data-elementor-type=\"wp-page\" data-elementor-id=\"7689\" class=\"elementor elementor-7689 elementor-4174\">\n\t\t\t\t\t\t<section class=\"elementor-section elementor-top-section elementor-element elementor-element-c0e981f elementor-section-boxed elementor-section-height-default elementor-section-height-default\" data-id=\"c0e981f\" data-element_type=\"section\" data-e-type=\"section\" data-settings=\"{&quot;background_background&quot;:&quot;classic&quot;}\">\n\t\t\t\t\t\t\t<div class=\"elementor-background-overlay\"><\/div>\n\t\t\t\t\t\t\t<div class=\"elementor-container elementor-column-gap-default\">\n\t\t\t\t\t<div class=\"elementor-column elementor-col-100 elementor-top-column elementor-element elementor-element-f900420\" data-id=\"f900420\" data-element_type=\"column\" data-e-type=\"column\">\n\t\t\t<div class=\"elementor-widget-wrap elementor-element-populated\">\n\t\t\t\t\t\t<div class=\"elementor-element elementor-element-1633565 elementor-widget elementor-widget-creote-heading-v2\" data-id=\"1633565\" data-element_type=\"widget\" data-e-type=\"widget\" data-widget_type=\"creote-heading-v2.default\">\n\t\t\t\t<div class=\"elementor-widget-container\">\n\t\t\t\t\t<div class=\"heading type_two text_center\">  <div class=\"small_text\">  Maksim Trade Team <\/div>    <div class=\"heading_text\"> Our Professional Team...<\/div>    <div class=\"small_text_sub\">Maksim Trade Team<\/div>  <\/div>\r\n\t\t\t\t<\/div>\n\t\t\t\t<\/div>\n\t\t\t\t<section class=\"elementor-section elementor-inner-section elementor-element elementor-element-5e4e7f6 elementor-section-boxed elementor-section-height-default elementor-section-height-default\" data-id=\"5e4e7f6\" data-element_type=\"section\" data-e-type=\"section\">\n\t\t\t\t\t\t<div class=\"elementor-container elementor-column-gap-default\">\n\t\t\t\t\t<div class=\"elementor-column elementor-col-25 elementor-inner-column elementor-element elementor-element-58eed22\" data-id=\"58eed22\" data-element_type=\"column\" data-e-type=\"column\">\n\t\t\t<div class=\"elementor-widget-wrap elementor-element-populated\">\n\t\t\t\t\t\t<div class=\"elementor-element elementor-element-58da76b elementor-widget elementor-widget-creote-team-v1\" data-id=\"58da76b\" data-element_type=\"widget\" data-e-type=\"widget\" data-widget_type=\"creote-team-v1.default\">\n\t\t\t\t<div class=\"elementor-widget-container\">\n\t\t\t\t\t \r\n <div class=\"team_box style_two\">\r\n            <div class=\"team_box_outer\">\r\n            <div class=\"image_box\">\r\n                                    <img decoding=\"async\" src=\"https:\/\/www.maksimtrade.com\/wp-content\/uploads\/2023\/04\/erkek.webp\" alt=\"image\" \/>\r\n                                <div class=\"overlay\">\r\n                                                        <\/div>\r\n            <\/div>\r\n            <div class=\"content_box\">\r\n                                  <div class=\"teamtitle\">\r\n                        <a href=\"\"  target=&quot;_blank&quot;  rel=&quot;nofollow&quot;>\r\n                            \u0130brahim Yavuz SOBACI                        <\/a>\r\n                <\/div>\r\n                                                    <p class=\"job_details\">CEO<\/p>\r\n                                            <\/div>\r\n        <\/div>\r\n    <\/div>\r\n\r\n \r\n \t\t\t\t<\/div>\n\t\t\t\t<\/div>\n\t\t\t\t\t<\/div>\n\t\t<\/div>\n\t\t\t\t<div class=\"elementor-column elementor-col-25 elementor-inner-column elementor-element elementor-element-6e15f7b\" data-id=\"6e15f7b\" data-element_type=\"column\" data-e-type=\"column\">\n\t\t\t<div class=\"elementor-widget-wrap elementor-element-populated\">\n\t\t\t\t\t\t<div class=\"elementor-element elementor-element-2053c07 elementor-widget elementor-widget-creote-team-v1\" data-id=\"2053c07\" data-element_type=\"widget\" data-e-type=\"widget\" data-widget_type=\"creote-team-v1.default\">\n\t\t\t\t<div class=\"elementor-widget-container\">\n\t\t\t\t\t \r\n <div class=\"team_box style_two\">\r\n            <div class=\"team_box_outer\">\r\n            <div class=\"image_box\">\r\n                                    <img decoding=\"async\" src=\"https:\/\/www.maksimtrade.com\/wp-content\/uploads\/2023\/04\/bayan.webp\" alt=\"image\" \/>\r\n                                <div class=\"overlay\">\r\n                                                        <\/div>\r\n            <\/div>\r\n            <div class=\"content_box\">\r\n                                  <div class=\"teamtitle\">\r\n                        <a href=\"\"  target=&quot;_blank&quot;  rel=&quot;nofollow&quot;>\r\n                            Medine \u00d6ZDEM\u0130R                        <\/a>\r\n                <\/div>\r\n                                                    <p class=\"job_details\">Mechanical Engineer &amp; R&amp;D<\/p>\r\n                                            <\/div>\r\n        <\/div>\r\n    <\/div>\r\n\r\n \r\n \t\t\t\t<\/div>\n\t\t\t\t<\/div>\n\t\t\t\t\t<\/div>\n\t\t<\/div>\n\t\t\t\t<div class=\"elementor-column elementor-col-25 elementor-inner-column elementor-element elementor-element-e67ed96\" data-id=\"e67ed96\" data-element_type=\"column\" data-e-type=\"column\">\n\t\t\t<div class=\"elementor-widget-wrap elementor-element-populated\">\n\t\t\t\t\t\t<div class=\"elementor-element elementor-element-f6669b9 elementor-widget elementor-widget-creote-team-v1\" data-id=\"f6669b9\" data-element_type=\"widget\" data-e-type=\"widget\" data-widget_type=\"creote-team-v1.default\">\n\t\t\t\t<div class=\"elementor-widget-container\">\n\t\t\t\t\t \r\n <div class=\"team_box style_two\">\r\n            <div class=\"team_box_outer\">\r\n            <div class=\"image_box\">\r\n                                    <img decoding=\"async\" src=\"https:\/\/www.maksimtrade.com\/wp-content\/uploads\/2023\/04\/erkek.webp\" alt=\"image\" \/>\r\n                                <div class=\"overlay\">\r\n                                                        <\/div>\r\n            <\/div>\r\n            <div class=\"content_box\">\r\n                                  <div class=\"teamtitle\">\r\n                        <a href=\"\"  target=&quot;_blank&quot;  rel=&quot;nofollow&quot;>\r\n                            Murat ANLATICI                        <\/a>\r\n                <\/div>\r\n                                                    <p class=\"job_details\">Finance &amp; Accounting<\/p>\r\n                                            <\/div>\r\n        <\/div>\r\n    <\/div>\r\n\r\n \r\n \t\t\t\t<\/div>\n\t\t\t\t<\/div>\n\t\t\t\t\t<\/div>\n\t\t<\/div>\n\t\t\t\t<div class=\"elementor-column elementor-col-25 elementor-inner-column elementor-element elementor-element-c604ef8\" data-id=\"c604ef8\" data-element_type=\"column\" data-e-type=\"column\">\n\t\t\t<div class=\"elementor-widget-wrap elementor-element-populated\">\n\t\t\t\t\t\t<div class=\"elementor-element elementor-element-a598f8a elementor-widget elementor-widget-creote-team-v1\" data-id=\"a598f8a\" data-element_type=\"widget\" data-e-type=\"widget\" data-widget_type=\"creote-team-v1.default\">\n\t\t\t\t<div class=\"elementor-widget-container\">\n\t\t\t\t\t \r\n <div class=\"team_box style_two\">\r\n            <div class=\"team_box_outer\">\r\n            <div class=\"image_box\">\r\n                                    <img decoding=\"async\" src=\"https:\/\/www.maksimtrade.com\/wp-content\/uploads\/2023\/04\/erkek.webp\" alt=\"image\" \/>\r\n                                <div class=\"overlay\">\r\n                                                        <\/div>\r\n            <\/div>\r\n            <div class=\"content_box\">\r\n                                  <div class=\"teamtitle\">\r\n                        <a href=\"\"  target=&quot;_blank&quot;  rel=&quot;nofollow&quot;>\r\n                            Mehmet ANLATICI                        <\/a>\r\n                <\/div>\r\n                                                    <p class=\"job_details\">Technical Support<\/p>\r\n                                            <\/div>\r\n        <\/div>\r\n    <\/div>\r\n\r\n \r\n \t\t\t\t<\/div>\n\t\t\t\t<\/div>\n\t\t\t\t\t<\/div>\n\t\t<\/div>\n\t\t\t\t\t<\/div>\n\t\t<\/section>\n\t\t\t\t\t<\/div>\n\t\t<\/div>\n\t\t\t\t\t<\/div>\n\t\t<\/section>\n\t\t\t\t<\/div>\n\t\t","protected":false},"excerpt":{"rendered":"<p>Maksim Trade Team Our Professional Team&#8230; Maksim Trade Team \u0130brahim Yavuz SOBACI CEO Medine \u00d6ZDEM\u0130R Mechanical Engineer &amp; R&amp;D Murat ANLATICI Finance &amp; Accounting Mehmet ANLATICI Technical Support<\/p>\n","protected":false},"author":1,"featured_media":0,"parent":0,"menu_order":0,"comment_status":"closed","ping_status":"closed","template":"template-fullwidth.php","meta":{"footnotes":""},"class_list":["post-7689","page","type-page","status-publish","hentry"],"_links":{"self":[{"href":"https:\/\/www.maksimtrade.com\/en\/wp-json\/wp\/v2\/pages\/7689","targetHints":{"allow":["GET"]}}],"collection":[{"href":"https:\/\/www.maksimtrade.com\/en\/wp-json\/wp\/v2\/pages"}],"about":[{"href":"https:\/\/www.maksimtrade.com\/en\/wp-json\/wp\/v2\/types\/page"}],"author":[{"embeddable":true,"href":"https:\/\/www.maksimtrade.com\/en\/wp-json\/wp\/v2\/users\/1"}],"replies":[{"embeddable":true,"href":"https:\/\/www.maksimtrade.com\/en\/wp-json\/wp\/v2\/comments?post=7689"}],"version-history":[{"count":0,"href":"https:\/\/www.maksimtrade.com\/en\/wp-json\/wp\/v2\/pages\/7689\/revisions"}],"wp:attachment":[{"href":"https:\/\/www.maksimtrade.com\/en\/wp-json\/wp\/v2\/media?parent=7689"}],"curies":[{"name":"wp","href":"https:\/\/api.w.org\/{rel}","templated":true}]}}