{"id":7686,"date":"2022-10-17T19:47:36","date_gmt":"2022-10-17T19:47:36","guid":{"rendered":"https:\/\/www.maksimtrade.com\/galeri\/"},"modified":"2023-09-01T12:54:12","modified_gmt":"2023-09-01T12:54:12","slug":"gallery","status":"publish","type":"page","link":"https:\/\/www.maksimtrade.com\/en\/gallery\/","title":{"rendered":"Gallery"},"content":{"rendered":"\t\t<div data-elementor-type=\"wp-page\" data-elementor-id=\"7686\" class=\"elementor elementor-7686 elementor-4178\">\n\t\t\t\t\t\t<section class=\"elementor-section elementor-top-section elementor-element elementor-element-bdd7fe3 elementor-section-boxed elementor-section-height-default elementor-section-height-default\" data-id=\"bdd7fe3\" data-element_type=\"section\" data-e-type=\"section\">\n\t\t\t\t\t\t<div class=\"elementor-container elementor-column-gap-default\">\n\t\t\t\t\t<div class=\"elementor-column elementor-col-100 elementor-top-column elementor-element elementor-element-0210931\" data-id=\"0210931\" data-element_type=\"column\" data-e-type=\"column\">\n\t\t\t<div class=\"elementor-widget-wrap elementor-element-populated\">\n\t\t\t\t\t\t<div class=\"elementor-element elementor-element-3458e97 gallery-spacing-custom elementor-widget elementor-widget-image-gallery\" data-id=\"3458e97\" data-element_type=\"widget\" data-e-type=\"widget\" data-widget_type=\"image-gallery.default\">\n\t\t\t\t<div class=\"elementor-widget-container\">\n\t\t\t\t\t\t\t<div class=\"elementor-image-gallery\">\n\t\t\t\n\t\t<style type=\"text\/css\">\n\t\t\t#gallery-1 {\n\t\t\t\tmargin: auto;\n\t\t\t}\n\t\t\t#gallery-1 .gallery-item {\n\t\t\t\tfloat: left;\n\t\t\t\tmargin-top: 10px;\n\t\t\t\ttext-align: center;\n\t\t\t\twidth: 33%;\n\t\t\t}\n\t\t\t#gallery-1 img {\n\t\t\t\tborder: 2px solid #cfcfcf;\n\t\t\t}\n\t\t\t#gallery-1 .gallery-caption {\n\t\t\t\tmargin-left: 0;\n\t\t\t}\n\t\t\t\/* see gallery_shortcode() in wp-includes\/media.php *\/\n\t\t<\/style>\n\t\t<div id='gallery-1' class='gallery galleryid-7686 gallery-columns-3 gallery-size-full'><dl class='gallery-item'>\n\t\t\t<dt class='gallery-icon landscape'>\n\t\t\t\t<a data-elementor-open-lightbox=\"yes\" data-elementor-lightbox-slideshow=\"3458e97\" data-elementor-lightbox-description=\"Domotex T\u00fcrkiye\" data-e-action-hash=\"#elementor-action%3Aaction%3Dlightbox%26settings%3DeyJpZCI6NzQyNiwidXJsIjoiaHR0cHM6XC9cL3d3dy5tYWtzaW10cmFkZS5jb21cL3dwLWNvbnRlbnRcL3VwbG9hZHNcLzIwMjNcLzA0XC9kb21vdGV4LTEud2VicCIsInNsaWRlc2hvdyI6IjM0NThlOTcifQ%3D%3D\" href='https:\/\/www.maksimtrade.com\/wp-content\/uploads\/2023\/04\/domotex-1.webp'><img fetchpriority=\"high\" decoding=\"async\" width=\"1200\" height=\"675\" src=\"https:\/\/www.maksimtrade.com\/wp-content\/uploads\/2023\/04\/domotex-1.webp\" class=\"attachment-full size-full\" alt=\"\" srcset=\"https:\/\/www.maksimtrade.com\/wp-content\/uploads\/2023\/04\/domotex-1.webp 1200w, https:\/\/www.maksimtrade.com\/wp-content\/uploads\/2023\/04\/domotex-1-300x169.webp 300w, https:\/\/www.maksimtrade.com\/wp-content\/uploads\/2023\/04\/domotex-1-1024x576.webp 1024w, https:\/\/www.maksimtrade.com\/wp-content\/uploads\/2023\/04\/domotex-1-768x432.webp 768w, https:\/\/www.maksimtrade.com\/wp-content\/uploads\/2023\/04\/domotex-1-600x338.webp 600w\" sizes=\"(max-width: 1200px) 100vw, 1200px\" \/><\/a>\n\t\t\t<\/dt><\/dl><dl class='gallery-item'>\n\t\t\t<dt class='gallery-icon landscape'>\n\t\t\t\t<a data-elementor-open-lightbox=\"yes\" data-elementor-lightbox-slideshow=\"3458e97\" data-elementor-lightbox-description=\"Domotex T\u00fcrkiye\" data-e-action-hash=\"#elementor-action%3Aaction%3Dlightbox%26settings%3DeyJpZCI6NzQyOSwidXJsIjoiaHR0cHM6XC9cL3d3dy5tYWtzaW10cmFkZS5jb21cL3dwLWNvbnRlbnRcL3VwbG9hZHNcLzIwMjNcLzA0XC9kb21vdGV4LTIud2VicCIsInNsaWRlc2hvdyI6IjM0NThlOTcifQ%3D%3D\" href='https:\/\/www.maksimtrade.com\/wp-content\/uploads\/2023\/04\/domotex-2.webp'><img decoding=\"async\" width=\"1200\" height=\"675\" src=\"https:\/\/www.maksimtrade.com\/wp-content\/uploads\/2023\/04\/domotex-2.webp\" class=\"attachment-full size-full\" alt=\"\" srcset=\"https:\/\/www.maksimtrade.com\/wp-content\/uploads\/2023\/04\/domotex-2.webp 1200w, https:\/\/www.maksimtrade.com\/wp-content\/uploads\/2023\/04\/domotex-2-300x169.webp 300w, https:\/\/www.maksimtrade.com\/wp-content\/uploads\/2023\/04\/domotex-2-1024x576.webp 1024w, https:\/\/www.maksimtrade.com\/wp-content\/uploads\/2023\/04\/domotex-2-768x432.webp 768w, https:\/\/www.maksimtrade.com\/wp-content\/uploads\/2023\/04\/domotex-2-600x338.webp 600w\" sizes=\"(max-width: 1200px) 100vw, 1200px\" \/><\/a>\n\t\t\t<\/dt><\/dl><dl class='gallery-item'>\n\t\t\t<dt class='gallery-icon landscape'>\n\t\t\t\t<a data-elementor-open-lightbox=\"yes\" data-elementor-lightbox-slideshow=\"3458e97\" data-elementor-lightbox-description=\"Domotex T\u00fcrkiye\" data-e-action-hash=\"#elementor-action%3Aaction%3Dlightbox%26settings%3DeyJpZCI6NzQzMiwidXJsIjoiaHR0cHM6XC9cL3d3dy5tYWtzaW10cmFkZS5jb21cL3dwLWNvbnRlbnRcL3VwbG9hZHNcLzIwMjNcLzA0XC9kb21vdGV4LTMud2VicCIsInNsaWRlc2hvdyI6IjM0NThlOTcifQ%3D%3D\" href='https:\/\/www.maksimtrade.com\/wp-content\/uploads\/2023\/04\/domotex-3.webp'><img decoding=\"async\" width=\"1200\" height=\"675\" src=\"https:\/\/www.maksimtrade.com\/wp-content\/uploads\/2023\/04\/domotex-3.webp\" class=\"attachment-full size-full\" alt=\"\" srcset=\"https:\/\/www.maksimtrade.com\/wp-content\/uploads\/2023\/04\/domotex-3.webp 1200w, https:\/\/www.maksimtrade.com\/wp-content\/uploads\/2023\/04\/domotex-3-300x169.webp 300w, https:\/\/www.maksimtrade.com\/wp-content\/uploads\/2023\/04\/domotex-3-1024x576.webp 1024w, https:\/\/www.maksimtrade.com\/wp-content\/uploads\/2023\/04\/domotex-3-768x432.webp 768w, https:\/\/www.maksimtrade.com\/wp-content\/uploads\/2023\/04\/domotex-3-600x338.webp 600w\" sizes=\"(max-width: 1200px) 100vw, 1200px\" \/><\/a>\n\t\t\t<\/dt><\/dl><br style=\"clear: both\" \/><dl class='gallery-item'>\n\t\t\t<dt class='gallery-icon landscape'>\n\t\t\t\t<a data-elementor-open-lightbox=\"yes\" data-elementor-lightbox-slideshow=\"3458e97\" data-elementor-lightbox-description=\"Domotex T\u00fcrkiye\" data-e-action-hash=\"#elementor-action%3Aaction%3Dlightbox%26settings%3DeyJpZCI6NzQ0MSwidXJsIjoiaHR0cHM6XC9cL3d3dy5tYWtzaW10cmFkZS5jb21cL3dwLWNvbnRlbnRcL3VwbG9hZHNcLzIwMjNcLzA0XC9kb21vdGV4LTYud2VicCIsInNsaWRlc2hvdyI6IjM0NThlOTcifQ%3D%3D\" href='https:\/\/www.maksimtrade.com\/wp-content\/uploads\/2023\/04\/domotex-6.webp'><img loading=\"lazy\" decoding=\"async\" width=\"1200\" height=\"674\" src=\"https:\/\/www.maksimtrade.com\/wp-content\/uploads\/2023\/04\/domotex-6.webp\" class=\"attachment-full size-full\" alt=\"\" srcset=\"https:\/\/www.maksimtrade.com\/wp-content\/uploads\/2023\/04\/domotex-6.webp 1200w, https:\/\/www.maksimtrade.com\/wp-content\/uploads\/2023\/04\/domotex-6-300x169.webp 300w, https:\/\/www.maksimtrade.com\/wp-content\/uploads\/2023\/04\/domotex-6-1024x575.webp 1024w, https:\/\/www.maksimtrade.com\/wp-content\/uploads\/2023\/04\/domotex-6-768x431.webp 768w, https:\/\/www.maksimtrade.com\/wp-content\/uploads\/2023\/04\/domotex-6-600x337.webp 600w\" sizes=\"(max-width: 1200px) 100vw, 1200px\" \/><\/a>\n\t\t\t<\/dt><\/dl><dl class='gallery-item'>\n\t\t\t<dt class='gallery-icon landscape'>\n\t\t\t\t<a data-elementor-open-lightbox=\"yes\" data-elementor-lightbox-slideshow=\"3458e97\" data-elementor-lightbox-description=\"Domotex T\u00fcrkiye\" data-e-action-hash=\"#elementor-action%3Aaction%3Dlightbox%26settings%3DeyJpZCI6NzQ0NCwidXJsIjoiaHR0cHM6XC9cL3d3dy5tYWtzaW10cmFkZS5jb21cL3dwLWNvbnRlbnRcL3VwbG9hZHNcLzIwMjNcLzA0XC9kb21vdGV4LTcud2VicCIsInNsaWRlc2hvdyI6IjM0NThlOTcifQ%3D%3D\" href='https:\/\/www.maksimtrade.com\/wp-content\/uploads\/2023\/04\/domotex-7.webp'><img loading=\"lazy\" decoding=\"async\" width=\"1200\" height=\"674\" src=\"https:\/\/www.maksimtrade.com\/wp-content\/uploads\/2023\/04\/domotex-7.webp\" class=\"attachment-full size-full\" alt=\"\" srcset=\"https:\/\/www.maksimtrade.com\/wp-content\/uploads\/2023\/04\/domotex-7.webp 1200w, https:\/\/www.maksimtrade.com\/wp-content\/uploads\/2023\/04\/domotex-7-300x169.webp 300w, https:\/\/www.maksimtrade.com\/wp-content\/uploads\/2023\/04\/domotex-7-1024x575.webp 1024w, https:\/\/www.maksimtrade.com\/wp-content\/uploads\/2023\/04\/domotex-7-768x431.webp 768w, https:\/\/www.maksimtrade.com\/wp-content\/uploads\/2023\/04\/domotex-7-600x337.webp 600w\" sizes=\"(max-width: 1200px) 100vw, 1200px\" \/><\/a>\n\t\t\t<\/dt><\/dl><dl class='gallery-item'>\n\t\t\t<dt class='gallery-icon landscape'>\n\t\t\t\t<a data-elementor-open-lightbox=\"yes\" data-elementor-lightbox-slideshow=\"3458e97\" data-elementor-lightbox-description=\"Domotex T\u00fcrkiye\" data-e-action-hash=\"#elementor-action%3Aaction%3Dlightbox%26settings%3DeyJpZCI6NzQ0NywidXJsIjoiaHR0cHM6XC9cL3d3dy5tYWtzaW10cmFkZS5jb21cL3dwLWNvbnRlbnRcL3VwbG9hZHNcLzIwMjNcLzA0XC9kb21vdGV4LTgud2VicCIsInNsaWRlc2hvdyI6IjM0NThlOTcifQ%3D%3D\" href='https:\/\/www.maksimtrade.com\/wp-content\/uploads\/2023\/04\/domotex-8.webp'><img loading=\"lazy\" decoding=\"async\" width=\"1200\" height=\"674\" src=\"https:\/\/www.maksimtrade.com\/wp-content\/uploads\/2023\/04\/domotex-8.webp\" class=\"attachment-full size-full\" alt=\"\" srcset=\"https:\/\/www.maksimtrade.com\/wp-content\/uploads\/2023\/04\/domotex-8.webp 1200w, https:\/\/www.maksimtrade.com\/wp-content\/uploads\/2023\/04\/domotex-8-300x169.webp 300w, https:\/\/www.maksimtrade.com\/wp-content\/uploads\/2023\/04\/domotex-8-1024x575.webp 1024w, https:\/\/www.maksimtrade.com\/wp-content\/uploads\/2023\/04\/domotex-8-768x431.webp 768w, https:\/\/www.maksimtrade.com\/wp-content\/uploads\/2023\/04\/domotex-8-600x337.webp 600w\" sizes=\"(max-width: 1200px) 100vw, 1200px\" \/><\/a>\n\t\t\t<\/dt><\/dl><br style=\"clear: both\" \/><dl class='gallery-item'>\n\t\t\t<dt class='gallery-icon landscape'>\n\t\t\t\t<a data-elementor-open-lightbox=\"yes\" data-elementor-lightbox-slideshow=\"3458e97\" data-elementor-lightbox-description=\"Domotex T\u00fcrkiye\" data-e-action-hash=\"#elementor-action%3Aaction%3Dlightbox%26settings%3DeyJpZCI6NzQ1MCwidXJsIjoiaHR0cHM6XC9cL3d3dy5tYWtzaW10cmFkZS5jb21cL3dwLWNvbnRlbnRcL3VwbG9hZHNcLzIwMjNcLzA0XC9kb21vdGV4LTkud2VicCIsInNsaWRlc2hvdyI6IjM0NThlOTcifQ%3D%3D\" href='https:\/\/www.maksimtrade.com\/wp-content\/uploads\/2023\/04\/domotex-9.webp'><img loading=\"lazy\" decoding=\"async\" width=\"1200\" height=\"674\" src=\"https:\/\/www.maksimtrade.com\/wp-content\/uploads\/2023\/04\/domotex-9.webp\" class=\"attachment-full size-full\" alt=\"\" srcset=\"https:\/\/www.maksimtrade.com\/wp-content\/uploads\/2023\/04\/domotex-9.webp 1200w, https:\/\/www.maksimtrade.com\/wp-content\/uploads\/2023\/04\/domotex-9-300x169.webp 300w, https:\/\/www.maksimtrade.com\/wp-content\/uploads\/2023\/04\/domotex-9-1024x575.webp 1024w, https:\/\/www.maksimtrade.com\/wp-content\/uploads\/2023\/04\/domotex-9-768x431.webp 768w, https:\/\/www.maksimtrade.com\/wp-content\/uploads\/2023\/04\/domotex-9-600x337.webp 600w\" sizes=\"(max-width: 1200px) 100vw, 1200px\" \/><\/a>\n\t\t\t<\/dt><\/dl><dl class='gallery-item'>\n\t\t\t<dt class='gallery-icon landscape'>\n\t\t\t\t<a data-elementor-open-lightbox=\"yes\" data-elementor-lightbox-slideshow=\"3458e97\" data-elementor-lightbox-description=\"Domotex T\u00fcrkiye\" data-e-action-hash=\"#elementor-action%3Aaction%3Dlightbox%26settings%3DeyJpZCI6NzQ1MywidXJsIjoiaHR0cHM6XC9cL3d3dy5tYWtzaW10cmFkZS5jb21cL3dwLWNvbnRlbnRcL3VwbG9hZHNcLzIwMjNcLzA0XC9kb21vdGV4LTEwLndlYnAiLCJzbGlkZXNob3ciOiIzNDU4ZTk3In0%3D\" href='https:\/\/www.maksimtrade.com\/wp-content\/uploads\/2023\/04\/domotex-10.webp'><img loading=\"lazy\" decoding=\"async\" width=\"1200\" height=\"674\" src=\"https:\/\/www.maksimtrade.com\/wp-content\/uploads\/2023\/04\/domotex-10.webp\" class=\"attachment-full size-full\" alt=\"\" srcset=\"https:\/\/www.maksimtrade.com\/wp-content\/uploads\/2023\/04\/domotex-10.webp 1200w, https:\/\/www.maksimtrade.com\/wp-content\/uploads\/2023\/04\/domotex-10-300x169.webp 300w, https:\/\/www.maksimtrade.com\/wp-content\/uploads\/2023\/04\/domotex-10-1024x575.webp 1024w, https:\/\/www.maksimtrade.com\/wp-content\/uploads\/2023\/04\/domotex-10-768x431.webp 768w, https:\/\/www.maksimtrade.com\/wp-content\/uploads\/2023\/04\/domotex-10-600x337.webp 600w\" sizes=\"(max-width: 1200px) 100vw, 1200px\" \/><\/a>\n\t\t\t<\/dt><\/dl><dl class='gallery-item'>\n\t\t\t<dt class='gallery-icon landscape'>\n\t\t\t\t<a data-elementor-open-lightbox=\"yes\" data-elementor-lightbox-slideshow=\"3458e97\" data-elementor-lightbox-description=\"Gaziantep Hal\u0131 Overloklu Rulo Sar\u0131m Makinas\u0131, Hal\u0131 Ambalajlama Makinesi, Hal\u0131 Depolama Makinesi, Hal\u0131 \u0130malat Makinesi, Hal\u0131 Nakliye Makinesi, Hal\u0131 Overloklu Rulo Sar\u0131m Makinas\u0131, Hal\u0131 Overloklu Rulo Sar\u0131m Makinas\u0131 Fiyatlar\u0131, Hal\u0131 Overloklu Rulo Sar\u0131m Makinas\u0131 Gaziantep, Hal\u0131 Overloklu Rulo Sar\u0131m Makinas\u0131 \u00dcretimi, Hal\u0131 Rulosu Sarma, Hal\u0131 Sar\u0131m Makinesi, Hal\u0131 Sarma Makinesi, Hal\u0131 S\u0131k\u0131\u015ft\u0131rma Makinesi, Overloklu Hal\u0131 Sar\u0131m Makinas\u0131, Rulo Sar\u0131m Makinesi\" data-e-action-hash=\"#elementor-action%3Aaction%3Dlightbox%26settings%3DeyJpZCI6NzI2MSwidXJsIjoiaHR0cHM6XC9cL3d3dy5tYWtzaW10cmFkZS5jb21cL3dwLWNvbnRlbnRcL3VwbG9hZHNcLzIwMjNcLzA0XC9oYWxpLW92ZXJsb2tsdS1ydWxvLXNhcmltLW1ha2luYXNpLTQuanBnIiwic2xpZGVzaG93IjoiMzQ1OGU5NyJ9\" data-elementor-lightbox-title=\"Gaziantep Hal\u0131 Overloklu Rulo Sar\u0131m Makinas\u0131, Hal\u0131 Ambalajlama Makinesi, Hal\u0131 Depolama Makinesi, Hal\u0131 \u0130malat Makinesi, Hal\u0131 Nakliye Makinesi, Hal\u0131 Overloklu Rulo Sar\u0131m Makinas\u0131, Hal\u0131 Overloklu Rulo Sar\u0131m Makinas\u0131 Fiyatlar\u0131, Hal\u0131 Overloklu Rulo Sar\u0131m Makinas\u0131 Gaziantep, Hal\u0131 Overloklu Rulo Sar\u0131m Makinas\u0131 \u00dcretimi, Hal\u0131 Rulosu Sarma, Hal\u0131 Sar\u0131m Makinesi, Hal\u0131 Sarma Makinesi, Hal\u0131 S\u0131k\u0131\u015ft\u0131rma Makinesi, Overloklu Hal\u0131 Sar\u0131m Makinas\u0131, Rulo Sar\u0131m Makinesi\" href='https:\/\/www.maksimtrade.com\/wp-content\/uploads\/2023\/04\/hali-overloklu-rulo-sarim-makinasi-4.jpg'><img loading=\"lazy\" decoding=\"async\" width=\"1200\" height=\"801\" src=\"https:\/\/www.maksimtrade.com\/wp-content\/uploads\/2023\/04\/hali-overloklu-rulo-sarim-makinasi-4.jpg\" class=\"attachment-full size-full\" alt=\"\" srcset=\"https:\/\/www.maksimtrade.com\/wp-content\/uploads\/2023\/04\/hali-overloklu-rulo-sarim-makinasi-4.jpg 1200w, https:\/\/www.maksimtrade.com\/wp-content\/uploads\/2023\/04\/hali-overloklu-rulo-sarim-makinasi-4-600x401.jpg 600w, https:\/\/www.maksimtrade.com\/wp-content\/uploads\/2023\/04\/hali-overloklu-rulo-sarim-makinasi-4-300x200.jpg 300w, https:\/\/www.maksimtrade.com\/wp-content\/uploads\/2023\/04\/hali-overloklu-rulo-sarim-makinasi-4-1024x684.jpg 1024w, https:\/\/www.maksimtrade.com\/wp-content\/uploads\/2023\/04\/hali-overloklu-rulo-sarim-makinasi-4-768x513.jpg 768w\" sizes=\"(max-width: 1200px) 100vw, 1200px\" \/><\/a>\n\t\t\t<\/dt><\/dl><br style=\"clear: both\" \/><dl class='gallery-item'>\n\t\t\t<dt class='gallery-icon landscape'>\n\t\t\t\t<a data-elementor-open-lightbox=\"yes\" data-elementor-lightbox-slideshow=\"3458e97\" data-elementor-lightbox-description=\"Hal\u0131 Kenar\u0131 Overlok Makinas\u0131, Hal\u0131 Overlok, Hal\u0131 Overlok Makinas\u0131, Hal\u0131 Overlok Makinas\u0131 Fiyatlar\u0131, Hal\u0131 Overlok Makinas\u0131 \u00dcreten Firmalar, Hal\u0131 Overlok Makinesi\" data-e-action-hash=\"#elementor-action%3Aaction%3Dlightbox%26settings%3DeyJpZCI6NzIwNCwidXJsIjoiaHR0cHM6XC9cL3d3dy5tYWtzaW10cmFkZS5jb21cL3dwLWNvbnRlbnRcL3VwbG9hZHNcLzIwMjNcLzA0XC9oYWxpLW92ZXJsb2stbWFraW5hc2kuanBnIiwic2xpZGVzaG93IjoiMzQ1OGU5NyJ9\" data-elementor-lightbox-title=\"Hal\u0131 Kenar\u0131 Overlok Makinas\u0131, Hal\u0131 Overlok, Hal\u0131 Overlok Makinas\u0131, Hal\u0131 Overlok Makinas\u0131 Fiyatlar\u0131, Hal\u0131 Overlok Makinas\u0131 \u00dcreten Firmalar, Hal\u0131 Overlok Makinesi\" href='https:\/\/www.maksimtrade.com\/wp-content\/uploads\/2023\/04\/hali-overlok-makinasi.jpg'><img loading=\"lazy\" decoding=\"async\" width=\"1200\" height=\"801\" src=\"https:\/\/www.maksimtrade.com\/wp-content\/uploads\/2023\/04\/hali-overlok-makinasi.jpg\" class=\"attachment-full size-full\" alt=\"\" srcset=\"https:\/\/www.maksimtrade.com\/wp-content\/uploads\/2023\/04\/hali-overlok-makinasi.jpg 1200w, https:\/\/www.maksimtrade.com\/wp-content\/uploads\/2023\/04\/hali-overlok-makinasi-600x401.jpg 600w, https:\/\/www.maksimtrade.com\/wp-content\/uploads\/2023\/04\/hali-overlok-makinasi-300x200.jpg 300w, https:\/\/www.maksimtrade.com\/wp-content\/uploads\/2023\/04\/hali-overlok-makinasi-1024x684.jpg 1024w, https:\/\/www.maksimtrade.com\/wp-content\/uploads\/2023\/04\/hali-overlok-makinasi-768x513.jpg 768w\" sizes=\"(max-width: 1200px) 100vw, 1200px\" \/><\/a>\n\t\t\t<\/dt><\/dl><dl class='gallery-item'>\n\t\t\t<dt class='gallery-icon landscape'>\n\t\t\t\t<a data-elementor-open-lightbox=\"yes\" data-elementor-lightbox-slideshow=\"3458e97\" data-elementor-lightbox-description=\"Gaziantep Hal\u0131 Etiketleme Makinas\u0131, Hal\u0131 Etiketi Makinas\u0131, Hal\u0131 Etiketi Makinesi, Hal\u0131 Etiketleme Makinas\u0131, Hal\u0131 Etiketleme Makinas\u0131 Fiyatlar\u0131, Hal\u0131 Etiketleme Makinas\u0131 Gaziantep, Hal\u0131 Etiketleme Makinas\u0131 \u00dcreten Firmalar, otomatik etiketleme\" data-e-action-hash=\"#elementor-action%3Aaction%3Dlightbox%26settings%3DeyJpZCI6NzE5MiwidXJsIjoiaHR0cHM6XC9cL3d3dy5tYWtzaW10cmFkZS5jb21cL3dwLWNvbnRlbnRcL3VwbG9hZHNcLzIwMjNcLzA0XC9oYWxpLWV0aWtldGxlbWUtbWFraW5hc2ktMi5qcGciLCJzbGlkZXNob3ciOiIzNDU4ZTk3In0%3D\" data-elementor-lightbox-title=\"Gaziantep Hal\u0131 Etiketleme Makinas\u0131, Hal\u0131 Etiketi Makinas\u0131, Hal\u0131 Etiketi Makinesi, Hal\u0131 Etiketleme Makinas\u0131, Hal\u0131 Etiketleme Makinas\u0131 Fiyatlar\u0131, Hal\u0131 Etiketleme Makinas\u0131 Gaziantep, Hal\u0131 Etiketleme Makinas\u0131 \u00dcreten Firmalar, otomatik etiketleme\" href='https:\/\/www.maksimtrade.com\/wp-content\/uploads\/2023\/04\/hali-etiketleme-makinasi-2.jpg'><img loading=\"lazy\" decoding=\"async\" width=\"1200\" height=\"801\" src=\"https:\/\/www.maksimtrade.com\/wp-content\/uploads\/2023\/04\/hali-etiketleme-makinasi-2.jpg\" class=\"attachment-full size-full\" alt=\"\" srcset=\"https:\/\/www.maksimtrade.com\/wp-content\/uploads\/2023\/04\/hali-etiketleme-makinasi-2.jpg 1200w, https:\/\/www.maksimtrade.com\/wp-content\/uploads\/2023\/04\/hali-etiketleme-makinasi-2-600x401.jpg 600w, https:\/\/www.maksimtrade.com\/wp-content\/uploads\/2023\/04\/hali-etiketleme-makinasi-2-300x200.jpg 300w, https:\/\/www.maksimtrade.com\/wp-content\/uploads\/2023\/04\/hali-etiketleme-makinasi-2-1024x684.jpg 1024w, https:\/\/www.maksimtrade.com\/wp-content\/uploads\/2023\/04\/hali-etiketleme-makinasi-2-768x513.jpg 768w\" sizes=\"(max-width: 1200px) 100vw, 1200px\" \/><\/a>\n\t\t\t<\/dt><\/dl><dl class='gallery-item'>\n\t\t\t<dt class='gallery-icon landscape'>\n\t\t\t\t<a data-elementor-open-lightbox=\"yes\" data-elementor-lightbox-slideshow=\"3458e97\" data-elementor-lightbox-description=\"Gaziantep Hal\u0131 Tra\u015flama Makinas\u0131, Hal\u0131 Tra\u015flama, Hal\u0131 Tra\u015flama Makinas\u0131, Hal\u0131 Tra\u015flama Makinas\u0131 Fiyatlar\u0131, Hal\u0131 Tra\u015flama Makinas\u0131 \u00dcreten Firmalar\" data-e-action-hash=\"#elementor-action%3Aaction%3Dlightbox%26settings%3DeyJpZCI6NzE4MCwidXJsIjoiaHR0cHM6XC9cL3d3dy5tYWtzaW10cmFkZS5jb21cL3dwLWNvbnRlbnRcL3VwbG9hZHNcLzIwMjNcLzA0XC9oYWxpLXRyYXNsYW1hLW1ha2luYXNpLTMuanBnIiwic2xpZGVzaG93IjoiMzQ1OGU5NyJ9\" data-elementor-lightbox-title=\"Gaziantep Hal\u0131 Tra\u015flama Makinas\u0131, Hal\u0131 Tra\u015flama, Hal\u0131 Tra\u015flama Makinas\u0131, Hal\u0131 Tra\u015flama Makinas\u0131 Fiyatlar\u0131, Hal\u0131 Tra\u015flama Makinas\u0131 \u00dcreten Firmalar\" href='https:\/\/www.maksimtrade.com\/wp-content\/uploads\/2023\/04\/hali-traslama-makinasi-3.jpg'><img loading=\"lazy\" decoding=\"async\" width=\"1200\" height=\"801\" src=\"https:\/\/www.maksimtrade.com\/wp-content\/uploads\/2023\/04\/hali-traslama-makinasi-3.jpg\" class=\"attachment-full size-full\" alt=\"\" srcset=\"https:\/\/www.maksimtrade.com\/wp-content\/uploads\/2023\/04\/hali-traslama-makinasi-3.jpg 1200w, https:\/\/www.maksimtrade.com\/wp-content\/uploads\/2023\/04\/hali-traslama-makinasi-3-600x401.jpg 600w, https:\/\/www.maksimtrade.com\/wp-content\/uploads\/2023\/04\/hali-traslama-makinasi-3-300x200.jpg 300w, https:\/\/www.maksimtrade.com\/wp-content\/uploads\/2023\/04\/hali-traslama-makinasi-3-1024x684.jpg 1024w, https:\/\/www.maksimtrade.com\/wp-content\/uploads\/2023\/04\/hali-traslama-makinasi-3-768x513.jpg 768w\" sizes=\"(max-width: 1200px) 100vw, 1200px\" \/><\/a>\n\t\t\t<\/dt><\/dl><br style=\"clear: both\" \/><dl class='gallery-item'>\n\t\t\t<dt class='gallery-icon landscape'>\n\t\t\t\t<a data-elementor-open-lightbox=\"yes\" data-elementor-lightbox-slideshow=\"3458e97\" data-elementor-lightbox-description=\"Buhar Santrali, Buhar Santrali Fiyatlar\u0131, Buhar Santrali Makinas\u0131, Buhar Santrali \u00dcreten Firmalar, Gaziantep Buhar Santrali, Gaziantep Hal\u0131 Buhar Santrali, Hal\u0131 Buhar Santrali\" data-e-action-hash=\"#elementor-action%3Aaction%3Dlightbox%26settings%3DeyJpZCI6NzE2OCwidXJsIjoiaHR0cHM6XC9cL3d3dy5tYWtzaW10cmFkZS5jb21cL3dwLWNvbnRlbnRcL3VwbG9hZHNcLzIwMjNcLzA0XC9idWhhci1zYW50cmFsaS0yLmpwZyIsInNsaWRlc2hvdyI6IjM0NThlOTcifQ%3D%3D\" data-elementor-lightbox-title=\"Buhar Santrali, Buhar Santrali Fiyatlar\u0131, Buhar Santrali Makinas\u0131, Buhar Santrali \u00dcreten Firmalar, Gaziantep Buhar Santrali, Gaziantep Hal\u0131 Buhar Santrali, Hal\u0131 Buhar Santrali\" href='https:\/\/www.maksimtrade.com\/wp-content\/uploads\/2023\/04\/buhar-santrali-2.jpg'><img loading=\"lazy\" decoding=\"async\" width=\"1200\" height=\"801\" src=\"https:\/\/www.maksimtrade.com\/wp-content\/uploads\/2023\/04\/buhar-santrali-2.jpg\" class=\"attachment-full size-full\" alt=\"\" srcset=\"https:\/\/www.maksimtrade.com\/wp-content\/uploads\/2023\/04\/buhar-santrali-2.jpg 1200w, https:\/\/www.maksimtrade.com\/wp-content\/uploads\/2023\/04\/buhar-santrali-2-600x401.jpg 600w, https:\/\/www.maksimtrade.com\/wp-content\/uploads\/2023\/04\/buhar-santrali-2-300x200.jpg 300w, https:\/\/www.maksimtrade.com\/wp-content\/uploads\/2023\/04\/buhar-santrali-2-1024x684.jpg 1024w, https:\/\/www.maksimtrade.com\/wp-content\/uploads\/2023\/04\/buhar-santrali-2-768x513.jpg 768w\" sizes=\"(max-width: 1200px) 100vw, 1200px\" \/><\/a>\n\t\t\t<\/dt><\/dl><dl class='gallery-item'>\n\t\t\t<dt class='gallery-icon landscape'>\n\t\t\t\t<a data-elementor-open-lightbox=\"yes\" data-elementor-lightbox-slideshow=\"3458e97\" data-elementor-lightbox-description=\"Hal\u0131 Makinas\u0131, Hal\u0131 Temizleme Makinas\u0131, Hal\u0131 Temizleme Makinas\u0131 Fiyatlar\u0131, Hal\u0131 Temizleme Makinas\u0131 \u00dcretimi\" data-e-action-hash=\"#elementor-action%3Aaction%3Dlightbox%26settings%3DeyJpZCI6NzI4MiwidXJsIjoiaHR0cHM6XC9cL3d3dy5tYWtzaW10cmFkZS5jb21cL3dwLWNvbnRlbnRcL3VwbG9hZHNcLzIwMjNcLzA0XC9oYWxpLXRlbWl6bGVtZS1tYWtpbmFzaS0yLmpwZyIsInNsaWRlc2hvdyI6IjM0NThlOTcifQ%3D%3D\" data-elementor-lightbox-title=\"Hal\u0131 Makinas\u0131, Hal\u0131 Temizleme Makinas\u0131, Hal\u0131 Temizleme Makinas\u0131 Fiyatlar\u0131, Hal\u0131 Temizleme Makinas\u0131 \u00dcretimi\" href='https:\/\/www.maksimtrade.com\/wp-content\/uploads\/2023\/04\/hali-temizleme-makinasi-2.jpg'><img loading=\"lazy\" decoding=\"async\" width=\"1200\" height=\"801\" src=\"https:\/\/www.maksimtrade.com\/wp-content\/uploads\/2023\/04\/hali-temizleme-makinasi-2.jpg\" class=\"attachment-full size-full\" alt=\"\" srcset=\"https:\/\/www.maksimtrade.com\/wp-content\/uploads\/2023\/04\/hali-temizleme-makinasi-2.jpg 1200w, https:\/\/www.maksimtrade.com\/wp-content\/uploads\/2023\/04\/hali-temizleme-makinasi-2-600x401.jpg 600w, https:\/\/www.maksimtrade.com\/wp-content\/uploads\/2023\/04\/hali-temizleme-makinasi-2-300x200.jpg 300w, https:\/\/www.maksimtrade.com\/wp-content\/uploads\/2023\/04\/hali-temizleme-makinasi-2-1024x684.jpg 1024w, https:\/\/www.maksimtrade.com\/wp-content\/uploads\/2023\/04\/hali-temizleme-makinasi-2-768x513.jpg 768w\" sizes=\"(max-width: 1200px) 100vw, 1200px\" \/><\/a>\n\t\t\t<\/dt><\/dl>\n\t\t\t<br style='clear: both' \/>\n\t\t<\/div>\n\t\t<\/div>\n\t\t\t\t\t\t<\/div>\n\t\t\t\t<\/div>\n\t\t\t\t\t<\/div>\n\t\t<\/div>\n\t\t\t\t\t<\/div>\n\t\t<\/section>\n\t\t\t\t<\/div>\n\t\t","protected":false},"excerpt":{"rendered":"<p>&nbsp; &nbsp; &nbsp; &nbsp; &nbsp;<\/p>\n","protected":false},"author":1,"featured_media":0,"parent":0,"menu_order":0,"comment_status":"closed","ping_status":"closed","template":"template-fullwidth.php","meta":{"footnotes":""},"class_list":["post-7686","page","type-page","status-publish","hentry"],"_links":{"self":[{"href":"https:\/\/www.maksimtrade.com\/en\/wp-json\/wp\/v2\/pages\/7686","targetHints":{"allow":["GET"]}}],"collection":[{"href":"https:\/\/www.maksimtrade.com\/en\/wp-json\/wp\/v2\/pages"}],"about":[{"href":"https:\/\/www.maksimtrade.com\/en\/wp-json\/wp\/v2\/types\/page"}],"author":[{"embeddable":true,"href":"https:\/\/www.maksimtrade.com\/en\/wp-json\/wp\/v2\/users\/1"}],"replies":[{"embeddable":true,"href":"https:\/\/www.maksimtrade.com\/en\/wp-json\/wp\/v2\/comments?post=7686"}],"version-history":[{"count":0,"href":"https:\/\/www.maksimtrade.com\/en\/wp-json\/wp\/v2\/pages\/7686\/revisions"}],"wp:attachment":[{"href":"https:\/\/www.maksimtrade.com\/en\/wp-json\/wp\/v2\/media?parent=7686"}],"curies":[{"name":"wp","href":"https:\/\/api.w.org\/{rel}","templated":true}]}}